{"id":92,"date":"2019-12-14T13:52:19","date_gmt":"2019-12-14T13:52:19","guid":{"rendered":"https:\/\/muzacreative.com\/about\/"},"modified":"2019-12-15T21:35:04","modified_gmt":"2019-12-15T21:35:04","slug":"rreth-nesh","status":"publish","type":"page","link":"https:\/\/muzacreative.com\/sq\/rreth-nesh\/","title":{"rendered":"Rreth Nesh"},"content":{"rendered":"<p>N\u00eb mitologjin\u00eb greke, Muzat ishin per\u00ebndesha t\u00eb lashta q\u00eb inspironin artistikisht.<\/p>\n<p>N\u00eb kuptimin e sot\u00ebm, Muzat jan\u00eb personat q\u00eb sh\u00ebrbejn\u00eb si inspirim p\u00ebr artist\u00ebt. Ideja p\u00ebr em\u00ebrtimin e kompanis\u00eb Muza ishte pik\u00ebrisht nd\u00ebrlidhja me misionin ton\u00eb: t\u00eb ju inspirojm\u00eb me dizajnet tona!<\/p>\n<p>Muza ofron sh\u00ebrbime n\u00eb dizajnimin e interierit dhe exterierit si dhe vizualizimit 3D. Q\u00ebllimi jon\u00eb kryesor \u00ebsht\u00eb t\u00eb ofrojm\u00eb dizajne t\u00eb cilat jo vet\u00ebm q\u00eb jan\u00eb t\u00eb bukura dhe funksionale, por nd\u00ebrlidhin koncepte dhe ide.<\/p>\n<p>Muza u krijua n\u00eb vitin 2016 n\u00eb Prishtin\u00eb. Ne njihemi si profesioniste t\u00eb reja t\u00eb fush\u00ebs, q\u00eb me shum\u00eb motivim krijojm\u00eb dizajn\u00eb q\u00eb luajn\u00eb me ndri\u00e7imin, ngjyrat, dhe konceptet.<\/p>\n<p>Q\u00ebllimi yn\u00eb \u00ebsht\u00eb t\u00eb ofrojm\u00eb dizajne q\u00eb ju inspirojn\u00eb, relaksojn\u00eb si dhe i p\u00ebrshtaten m\u00eb s\u00eb miri nevojave tuaja. P\u00ebrmes kombinimit t\u00eb elementeve tradicionale me ato moderne, ne mundohemi t\u00eb sjellim m\u00eb t\u00eb mir\u00ebn e t\u00eb dy bot\u00ebve.<\/p>\n","protected":false},"excerpt":{"rendered":"<p>N\u00eb mitologjin\u00eb greke, Muzat ishin per\u00ebndesha t\u00eb lashta q\u00eb inspironin artistikisht. N\u00eb kuptimin e sot\u00ebm, Muzat jan\u00eb personat q\u00eb sh\u00ebrbejn\u00eb si inspirim p\u00ebr artist\u00ebt. Ideja p\u00ebr em\u00ebrtimin e kompanis\u00eb Muza ishte pik\u00ebrisht nd\u00ebrlidhja me misionin ton\u00eb: t\u00eb ju inspirojm\u00eb me dizajnet tona! Muza ofron sh\u00ebrbime n\u00eb dizajnimin e interierit dhe exterierit si dhe vizualizimit 3D. [&hellip;]<\/p>\n","protected":false},"author":1,"featured_media":0,"parent":0,"menu_order":0,"comment_status":"closed","ping_status":"closed","template":"page-about.php","meta":{"footnotes":""},"class_list":["post-92","page","type-page","status-publish","hentry"],"_links":{"self":[{"href":"https:\/\/muzacreative.com\/sq\/wp-json\/wp\/v2\/pages\/92","targetHints":{"allow":["GET"]}}],"collection":[{"href":"https:\/\/muzacreative.com\/sq\/wp-json\/wp\/v2\/pages"}],"about":[{"href":"https:\/\/muzacreative.com\/sq\/wp-json\/wp\/v2\/types\/page"}],"author":[{"embeddable":true,"href":"https:\/\/muzacreative.com\/sq\/wp-json\/wp\/v2\/users\/1"}],"replies":[{"embeddable":true,"href":"https:\/\/muzacreative.com\/sq\/wp-json\/wp\/v2\/comments?post=92"}],"version-history":[{"count":2,"href":"https:\/\/muzacreative.com\/sq\/wp-json\/wp\/v2\/pages\/92\/revisions"}],"predecessor-version":[{"id":150,"href":"https:\/\/muzacreative.com\/sq\/wp-json\/wp\/v2\/pages\/92\/revisions\/150"}],"wp:attachment":[{"href":"https:\/\/muzacreative.com\/sq\/wp-json\/wp\/v2\/media?parent=92"}],"curies":[{"name":"wp","href":"https:\/\/api.w.org\/{rel}","templated":true}]}}